{"id":29,"date":"2018-02-13T12:27:52","date_gmt":"2018-02-13T15:57:52","guid":{"rendered":"http:\/\/bonavistabiennale.perfectdaycanada.com\/?page_id=29"},"modified":"2020-03-04T18:15:51","modified_gmt":"2020-03-04T21:45:51","slug":"maison","status":"publish","type":"page","link":"https:\/\/bonavistabiennale.com\/catalogue-2019\/fr\/maison\/","title":{"rendered":"Maison"},"content":{"rendered":"<h1 style=\"text-align: center;\">Bonavista Biennale 2019<br \/>\n<em>FLOE\/FLOT<\/em><\/h1>\n<h2 style=\"text-align: center;\">17 ao\u00fbt\u201315 septembre 2019<br \/>\nBonavista Peninsula, Terre-Neuve-et-Labrador<\/h2>\n<h3 style=\"text-align: center;\">Une exposition d\u2019art contemporain canadien qui forme une <a href=\"https:\/\/bonavistabiennale.com\/catalogue\/wp-content\/uploads\/2020\/03\/BB2019_exhibition_map.pdf\" target=\"_blank\" rel=\"noopener noreferrer\">boucle de 100 kilom\u00e8tres <\/a> parmi des villages historiques de p\u00eache, le long du littoral escarp\u00e9 de la c\u00f4te est de Terre-Neuve.<\/h3>\n","protected":false},"excerpt":{"rendered":"<p>Bonavista Biennale 2019 FLOE\/FLOT 17 ao\u00fbt\u201315 septembre 2019 Bonavista Peninsula, Terre-Neuve-et-Labrador Une exposition d\u2019art contemporain canadien qui forme une boucle&#8230;<\/p>\n","protected":false},"author":1,"featured_media":0,"parent":0,"menu_order":0,"comment_status":"closed","ping_status":"closed","template":"","meta":{"footnotes":""},"class_list":["post-29","page","type-page","status-publish","hentry"],"acf":[],"_links":{"self":[{"href":"https:\/\/bonavistabiennale.com\/catalogue-2019\/wp-json\/wp\/v2\/pages\/29","targetHints":{"allow":["GET"]}}],"collection":[{"href":"https:\/\/bonavistabiennale.com\/catalogue-2019\/wp-json\/wp\/v2\/pages"}],"about":[{"href":"https:\/\/bonavistabiennale.com\/catalogue-2019\/wp-json\/wp\/v2\/types\/page"}],"author":[{"embeddable":true,"href":"https:\/\/bonavistabiennale.com\/catalogue-2019\/wp-json\/wp\/v2\/users\/1"}],"replies":[{"embeddable":true,"href":"https:\/\/bonavistabiennale.com\/catalogue-2019\/wp-json\/wp\/v2\/comments?post=29"}],"version-history":[{"count":16,"href":"https:\/\/bonavistabiennale.com\/catalogue-2019\/wp-json\/wp\/v2\/pages\/29\/revisions"}],"predecessor-version":[{"id":931,"href":"https:\/\/bonavistabiennale.com\/catalogue-2019\/wp-json\/wp\/v2\/pages\/29\/revisions\/931"}],"wp:attachment":[{"href":"https:\/\/bonavistabiennale.com\/catalogue-2019\/wp-json\/wp\/v2\/media?parent=29"}],"curies":[{"name":"wp","href":"https:\/\/api.w.org\/{rel}","templated":true}]}}